{"id":987796,"date":"2023-12-03T10:40:45","date_gmt":"2023-12-03T10:40:45","guid":{"rendered":"https:\/\/okna-ravnihar.com\/?page_id=987796"},"modified":"2023-12-04T19:41:19","modified_gmt":"2023-12-04T19:41:19","slug":"wooden-alu-windows","status":"publish","type":"page","link":"https:\/\/okna-ravnihar.com\/it\/wooden-alu-windows\/","title":{"rendered":"Finestre In Legno-Allu"},"content":{"rendered":"<div data-elementor-type=\"wp-page\" data-elementor-id=\"987796\" class=\"elementor elementor-987796\" data-elementor-post-type=\"page\">\n\t\t\t\t<div class=\"elementor-element elementor-element-4877373 e-flex e-con-boxed e-con e-parent\" data-id=\"4877373\" data-element_type=\"container\">\n\t\t\t\t\t<div class=\"e-con-inner\">\n\t\t\t\t<div class=\"elementor-element elementor-element-621c261 elementor-widget elementor-widget-heading\" data-id=\"621c261\" data-element_type=\"widget\" data-widget_type=\"heading.default\">\n\t\t\t\t<div class=\"elementor-widget-container\">\n\t\t\t\t\t<h2 class=\"elementor-heading-title elementor-size-default\"><span class=\"underline\">Finestre In Legno-Allu<\/span> Finestre<\/h2>\t\t\t\t<\/div>\n\t\t\t\t<\/div>\n\t\t\t\t\t<\/div>\n\t\t\t\t<\/div>\n\t\t<div class=\"elementor-element elementor-element-fc1b8b9 e-flex e-con-boxed e-con e-parent\" data-id=\"fc1b8b9\" data-element_type=\"container\">\n\t\t\t\t\t<div class=\"e-con-inner\">\n\t\t\t\t<div class=\"elementor-element elementor-element-7f61af48 elementor-widget elementor-widget-text-editor\" data-id=\"7f61af48\" data-element_type=\"widget\" data-widget_type=\"text-editor.default\">\n\t\t\t\t<div class=\"elementor-widget-container\">\n\t\t\t\t\t\t\t\t\t\n<p><br>Le finestre in legno-alluminio offrono il meglio di entrambi i mondi, combinando il calore naturale e la bellezza del legno all'interno con la durabilit\u00e0 e la resistenza agli agenti atmosferici dell'alluminio all'esterno. Questo design innovativo assicura longevit\u00e0 e bassa manutenzione, poich\u00e9 l'esterno in alluminio protegge contro le severe condizioni meteorologiche, mentre l'interno in legno aggiunge un tocco accogliente ed elegante a qualsiasi stanza. Queste finestre vantano un'eccellente isolamento termico e acustico, migliorando l'efficienza energetica e il comfort. La versatilit\u00e0 nel design e nelle opzioni di colore permette loro di integrarsi perfettamente in vari stili architettonici. Inoltre, l'uso di materiali sostenibili le rende una scelta ecologica per i proprietari di casa consapevoli dell'ambiente.<\/p>\n\t\t\t\t\t\t\t\t<\/div>\n\t\t\t\t<\/div>\n\t\t\t\t\t<\/div>\n\t\t\t\t<\/div>\n\t\t<div class=\"elementor-element elementor-element-e193303 e-flex e-con-boxed e-con e-parent\" data-id=\"e193303\" data-element_type=\"container\">\n\t\t\t\t\t<div class=\"e-con-inner\">\n\t\t\t\t<div class=\"elementor-element elementor-element-a76e09e elementor-widget elementor-widget-image\" data-id=\"a76e09e\" data-element_type=\"widget\" data-widget_type=\"image.default\">\n\t\t\t\t<div class=\"elementor-widget-container\">\n\t\t\t\t\t\t\t\t\t\t\t\t\t\t\t<img fetchpriority=\"high\" decoding=\"async\" width=\"768\" height=\"576\" src=\"https:\/\/okna-ravnihar.com\/wp-content\/uploads\/2023\/12\/Naturo-75-ALU-768x576.png\" class=\"attachment-medium_large size-medium_large wp-image-987925\" alt=\"\" srcset=\"https:\/\/okna-ravnihar.com\/wp-content\/uploads\/2023\/12\/Naturo-75-ALU-768x576.png 768w, https:\/\/okna-ravnihar.com\/wp-content\/uploads\/2023\/12\/Naturo-75-ALU-300x225.png 300w, https:\/\/okna-ravnihar.com\/wp-content\/uploads\/2023\/12\/Naturo-75-ALU.png 920w\" sizes=\"(max-width: 768px) 100vw, 768px\" \/>\t\t\t\t\t\t\t\t\t\t\t\t\t\t\t<\/div>\n\t\t\t\t<\/div>\n\t\t<div class=\"elementor-element elementor-element-12791e8 e-con-full e-flex e-con e-child\" data-id=\"12791e8\" data-element_type=\"container\">\n\t\t\t\t<div class=\"elementor-element elementor-element-8cca9fa elementor-widget elementor-widget-text-editor\" data-id=\"8cca9fa\" data-element_type=\"widget\" data-widget_type=\"text-editor.default\">\n\t\t\t\t<div class=\"elementor-widget-container\">\n\t\t\t\t\t\t\t\t\t<p style=\"font-style: normal; font-variant-ligatures: normal; font-variant-caps: normal; font-weight: 400; font-size: 14px; font-family: 'Titillium Web', sans-serif;\"><span style=\"font-weight: bold;\">NATURO 75 ALU<\/span><\/p>\n<p style=\"font-style: normal; font-variant-ligatures: normal; font-variant-caps: normal; font-weight: 400; font-size: 14px; font-family: 'Titillium Web', sans-serif;\"><span style=\"font-weight: bold;\">3 Guarnizione \/ 4<\/span><span style=\"font-weight: bold; text-align: var(--text-align); color: var( --e-global-color-vamtam_accent_6 ); letter-spacing: var( --e-global-typography-vamtam_primary_font-letter-spacing ); text-transform: var( --e-global-typography-vamtam_primary_font-text-transform ); word-spacing: var( --e-global-typography-vamtam_primary_font-word-spacing );\">\u00a0Strati<\/span><\/p>\n<ul style=\"font-style: normal; font-variant-ligatures: normal; font-variant-caps: normal; font-weight: 400; font-size: 14px; font-family: 'Titillium Web', sans-serif;\">\n<li>Spessore del profilo: 75 mm<\/li>\n<li>vetro con unit\u00e0 di vetro fino a 50 mm<\/li>\n<li>profilo in legno-alluminio<\/li>\n<li>4 strati di legno incollato<\/li>\n<li>rivestimento a 4 strati di vernice<\/li>\n<li>tipi di legno: pino, abete<\/li>\n<\/ul>\n<p style=\"font-style: normal; font-variant-ligatures: normal; font-variant-caps: normal; font-weight: 400; font-size: 14px; font-family: 'Titillium Web', sans-serif;\"><span style=\"font-weight: bold; text-align: var(--text-align); color: var( --e-global-color-vamtam_accent_6 ); letter-spacing: var( --e-global-typography-vamtam_primary_font-letter-spacing ); text-transform: var( --e-global-typography-vamtam_primary_font-text-transform ); word-spacing: var( --e-global-typography-vamtam_primary_font-word-spacing );\">\u00a0<\/span><\/p>\t\t\t\t\t\t\t\t<\/div>\n\t\t\t\t<\/div>\n\t\t\t\t<\/div>\n\t\t\t\t\t<\/div>\n\t\t\t\t<\/div>\n\t\t<div class=\"elementor-element elementor-element-a547c66 e-flex e-con-boxed e-con e-parent\" data-id=\"a547c66\" data-element_type=\"container\">\n\t\t\t\t\t<div class=\"e-con-inner\">\n\t\t\t\t<div class=\"elementor-element elementor-element-a7c4b9b elementor-widget elementor-widget-image\" data-id=\"a7c4b9b\" data-element_type=\"widget\" data-widget_type=\"image.default\">\n\t\t\t\t<div class=\"elementor-widget-container\">\n\t\t\t\t\t\t\t\t\t\t\t\t\t\t\t<img decoding=\"async\" width=\"768\" height=\"576\" src=\"https:\/\/okna-ravnihar.com\/wp-content\/uploads\/2023\/12\/Esperia-Life-74-ALU-768x576.png\" class=\"attachment-medium_large size-medium_large wp-image-987926\" alt=\"\" srcset=\"https:\/\/okna-ravnihar.com\/wp-content\/uploads\/2023\/12\/Esperia-Life-74-ALU-768x576.png 768w, https:\/\/okna-ravnihar.com\/wp-content\/uploads\/2023\/12\/Esperia-Life-74-ALU-300x225.png 300w, https:\/\/okna-ravnihar.com\/wp-content\/uploads\/2023\/12\/Esperia-Life-74-ALU.png 920w\" sizes=\"(max-width: 768px) 100vw, 768px\" \/>\t\t\t\t\t\t\t\t\t\t\t\t\t\t\t<\/div>\n\t\t\t\t<\/div>\n\t\t<div class=\"elementor-element elementor-element-c521637 e-con-full e-flex e-con e-child\" data-id=\"c521637\" data-element_type=\"container\">\n\t\t\t\t<div class=\"elementor-element elementor-element-7521eee elementor-widget elementor-widget-text-editor\" data-id=\"7521eee\" data-element_type=\"widget\" data-widget_type=\"text-editor.default\">\n\t\t\t\t<div class=\"elementor-widget-container\">\n\t\t\t\t\t\t\t\t\t<p style=\"font-style: normal; font-variant-ligatures: normal; font-variant-caps: normal; font-weight: 400; font-size: 14px; font-family: 'Titillium Web', sans-serif;\"><span style=\"font-weight: bold;\">Esperia Life 74 ALU<\/span><\/p>\n<p style=\"font-style: normal; font-variant-ligatures: normal; font-variant-caps: normal; font-weight: 400; font-size: 14px; font-family: 'Titillium Web', sans-serif;\"><span style=\"font-weight: bold;\">3 Guarnizione \/ 4<\/span><span style=\"font-weight: bold; text-align: var(--text-align); color: var( --e-global-color-vamtam_accent_6 ); letter-spacing: var( --e-global-typography-vamtam_primary_font-letter-spacing ); text-transform: var( --e-global-typography-vamtam_primary_font-text-transform ); word-spacing: var( --e-global-typography-vamtam_primary_font-word-spacing );\">\u00a0Strati<\/span><\/p>\n<ul style=\"font-style: normal; font-variant-ligatures: normal; font-variant-caps: normal; font-weight: 400; font-size: 14px; font-family: 'Titillium Web', sans-serif;\">\n<li>Spessore del profilo: 74 mm<\/li>\n<li>vetro con unit\u00e0 di vetro fino a 48 mm<\/li>\n<li>profilo in legno-alluminio<\/li>\n<li>4 strati di legno incollato<\/li>\n<li>rivestimento a 4 strati di vernice<\/li>\n<li>tipi di legno: pino, abete<\/li>\n<\/ul>\n<p>\u00a0<\/p>\n<p style=\"font-style: normal; font-variant-ligatures: normal; font-variant-caps: normal; font-weight: 400; font-size: 14px; font-family: 'Titillium Web', sans-serif;\"><span style=\"font-weight: bold; text-align: var(--text-align); color: var( --e-global-color-vamtam_accent_6 ); letter-spacing: var( --e-global-typography-vamtam_primary_font-letter-spacing ); text-transform: var( --e-global-typography-vamtam_primary_font-text-transform ); word-spacing: var( --e-global-typography-vamtam_primary_font-word-spacing );\">\u00a0<\/span><\/p>\t\t\t\t\t\t\t\t<\/div>\n\t\t\t\t<\/div>\n\t\t\t\t<\/div>\n\t\t\t\t\t<\/div>\n\t\t\t\t<\/div>\n\t\t<div class=\"elementor-element elementor-element-ccd58a8 e-flex e-con-boxed e-con e-parent\" data-id=\"ccd58a8\" data-element_type=\"container\">\n\t\t\t\t\t<div class=\"e-con-inner\">\n\t\t\t\t<div class=\"elementor-element elementor-element-c8a2706 elementor-widget elementor-widget-heading\" data-id=\"c8a2706\" data-element_type=\"widget\" data-widget_type=\"heading.default\">\n\t\t\t\t<div class=\"elementor-widget-container\">\n\t\t\t\t\t<h4 class=\"elementor-heading-title elementor-size-default\">Colori disponibili<\/h4>\t\t\t\t<\/div>\n\t\t\t\t<\/div>\n\t\t<div class=\"elementor-element elementor-element-189491a e-con-full e-flex e-con e-child\" data-id=\"189491a\" data-element_type=\"container\">\n\t\t\t\t<div class=\"elementor-element elementor-element-7d72926 elementor-widget elementor-widget-gallery\" data-id=\"7d72926\" data-element_type=\"widget\" data-settings=\"{&quot;columns&quot;:5,&quot;gap&quot;:{&quot;unit&quot;:&quot;px&quot;,&quot;size&quot;:12,&quot;sizes&quot;:[]},&quot;overlay_title&quot;:&quot;caption&quot;,&quot;lazyload&quot;:&quot;yes&quot;,&quot;gallery_layout&quot;:&quot;grid&quot;,&quot;columns_tablet&quot;:2,&quot;columns_mobile&quot;:1,&quot;gap_tablet&quot;:{&quot;unit&quot;:&quot;px&quot;,&quot;size&quot;:10,&quot;sizes&quot;:[]},&quot;gap_mobile&quot;:{&quot;unit&quot;:&quot;px&quot;,&quot;size&quot;:10,&quot;sizes&quot;:[]},&quot;link_to&quot;:&quot;file&quot;,&quot;aspect_ratio&quot;:&quot;3:2&quot;,&quot;overlay_background&quot;:&quot;yes&quot;,&quot;content_hover_animation&quot;:&quot;fade-in&quot;}\" data-widget_type=\"gallery.default\">\n\t\t\t\t<div class=\"elementor-widget-container\">\n\t\t\t\t\t\t\t<div class=\"elementor-gallery__container\">\n\t\t\t\t\t\t\t<a class=\"e-gallery-item elementor-gallery-item elementor-animated-content\" href=\"https:\/\/okna-ravnihar.com\/wp-content\/uploads\/2023\/12\/oak.jpg\" data-elementor-open-lightbox=\"yes\" data-elementor-lightbox-slideshow=\"7d72926\" data-elementor-lightbox-title=\"oak\" data-e-action-hash=\"#elementor-action%3Aaction%3Dlightbox%26settings%3DeyJpZCI6OTg3OTM4LCJ1cmwiOiJodHRwczpcL1wvb2tuYS1yYXZuaWhhci5jb21cL3dwLWNvbnRlbnRcL3VwbG9hZHNcLzIwMjNcLzEyXC9vYWsuanBnIiwic2xpZGVzaG93IjoiN2Q3MjkyNiJ9\">\n\t\t\t\t\t<div class=\"e-gallery-image elementor-gallery-item__image\" data-thumbnail=\"https:\/\/okna-ravnihar.com\/wp-content\/uploads\/2023\/12\/oak-300x169.jpg\" data-width=\"300\" data-height=\"169\" aria-label=\"\" role=\"img\" ><\/div>\n\t\t\t\t\t\t\t\t\t\t\t<div class=\"elementor-gallery-item__overlay\"><\/div>\n\t\t\t\t\t\t\t\t\t\t\t\t\t\t\t<div class=\"elementor-gallery-item__content\">\n\t\t\t\t\t\t\t\t\t\t\t\t\t\t<div class=\"elementor-gallery-item__title\">\n\t\t\t\t\t\t\t\t\t\t\t\t\t\t\t\t\t\tQuercia\t\t\t\t\t\t\t\t<\/div>\n\t\t\t\t\t\t\t\t\t\t\t\t<\/div>\n\t\t\t\t\t\t\t\t\t<\/a>\n\t\t\t\t\t\t\t<a class=\"e-gallery-item elementor-gallery-item elementor-animated-content\" href=\"https:\/\/okna-ravnihar.com\/wp-content\/uploads\/2023\/12\/oldpine.jpg\" data-elementor-open-lightbox=\"yes\" data-elementor-lightbox-slideshow=\"7d72926\" data-elementor-lightbox-title=\"oldpine\" data-e-action-hash=\"#elementor-action%3Aaction%3Dlightbox%26settings%3DeyJpZCI6OTg3OTM5LCJ1cmwiOiJodHRwczpcL1wvb2tuYS1yYXZuaWhhci5jb21cL3dwLWNvbnRlbnRcL3VwbG9hZHNcLzIwMjNcLzEyXC9vbGRwaW5lLmpwZyIsInNsaWRlc2hvdyI6IjdkNzI5MjYifQ%3D%3D\">\n\t\t\t\t\t<div class=\"e-gallery-image elementor-gallery-item__image\" data-thumbnail=\"https:\/\/okna-ravnihar.com\/wp-content\/uploads\/2023\/12\/oldpine-300x169.jpg\" data-width=\"300\" data-height=\"169\" aria-label=\"\" role=\"img\" ><\/div>\n\t\t\t\t\t\t\t\t\t\t\t<div class=\"elementor-gallery-item__overlay\"><\/div>\n\t\t\t\t\t\t\t\t\t\t\t\t\t\t\t<div class=\"elementor-gallery-item__content\">\n\t\t\t\t\t\t\t\t\t\t\t\t\t\t<div class=\"elementor-gallery-item__title\">\n\t\t\t\t\t\t\t\t\t\t\t\t\t\t\t\t\t\tVecchio pino\t\t\t\t\t\t\t\t<\/div>\n\t\t\t\t\t\t\t\t\t\t\t\t<\/div>\n\t\t\t\t\t\t\t\t\t<\/a>\n\t\t\t\t\t\t\t<a class=\"e-gallery-item elementor-gallery-item elementor-animated-content\" href=\"https:\/\/okna-ravnihar.com\/wp-content\/uploads\/2023\/12\/stonepine.jpg\" data-elementor-open-lightbox=\"yes\" data-elementor-lightbox-slideshow=\"7d72926\" data-elementor-lightbox-title=\"stonepine\" data-e-action-hash=\"#elementor-action%3Aaction%3Dlightbox%26settings%3DeyJpZCI6OTg3OTQwLCJ1cmwiOiJodHRwczpcL1wvb2tuYS1yYXZuaWhhci5jb21cL3dwLWNvbnRlbnRcL3VwbG9hZHNcLzIwMjNcLzEyXC9zdG9uZXBpbmUuanBnIiwic2xpZGVzaG93IjoiN2Q3MjkyNiJ9\">\n\t\t\t\t\t<div class=\"e-gallery-image elementor-gallery-item__image\" data-thumbnail=\"https:\/\/okna-ravnihar.com\/wp-content\/uploads\/2023\/12\/stonepine-300x169.jpg\" data-width=\"300\" data-height=\"169\" aria-label=\"\" role=\"img\" ><\/div>\n\t\t\t\t\t\t\t\t\t\t\t<div class=\"elementor-gallery-item__overlay\"><\/div>\n\t\t\t\t\t\t\t\t\t\t\t\t\t\t\t<div class=\"elementor-gallery-item__content\">\n\t\t\t\t\t\t\t\t\t\t\t\t\t\t<div class=\"elementor-gallery-item__title\">\n\t\t\t\t\t\t\t\t\t\t\t\t\t\t\t\t\t\tPareti di pino\t\t\t\t\t\t\t\t<\/div>\n\t\t\t\t\t\t\t\t\t\t\t\t<\/div>\n\t\t\t\t\t\t\t\t\t<\/a>\n\t\t\t\t\t\t\t<a class=\"e-gallery-item elementor-gallery-item elementor-animated-content\" href=\"https:\/\/okna-ravnihar.com\/wp-content\/uploads\/2023\/12\/walnut.jpg\" data-elementor-open-lightbox=\"yes\" data-elementor-lightbox-slideshow=\"7d72926\" data-elementor-lightbox-title=\"walnut\" data-e-action-hash=\"#elementor-action%3Aaction%3Dlightbox%26settings%3DeyJpZCI6OTg3OTQxLCJ1cmwiOiJodHRwczpcL1wvb2tuYS1yYXZuaWhhci5jb21cL3dwLWNvbnRlbnRcL3VwbG9hZHNcLzIwMjNcLzEyXC93YWxudXQuanBnIiwic2xpZGVzaG93IjoiN2Q3MjkyNiJ9\">\n\t\t\t\t\t<div class=\"e-gallery-image elementor-gallery-item__image\" data-thumbnail=\"https:\/\/okna-ravnihar.com\/wp-content\/uploads\/2023\/12\/walnut-300x169.jpg\" data-width=\"300\" data-height=\"169\" aria-label=\"\" role=\"img\" ><\/div>\n\t\t\t\t\t\t\t\t\t\t\t<div class=\"elementor-gallery-item__overlay\"><\/div>\n\t\t\t\t\t\t\t\t\t\t\t\t\t\t\t<div class=\"elementor-gallery-item__content\">\n\t\t\t\t\t\t\t\t\t\t\t\t\t\t<div class=\"elementor-gallery-item__title\">\n\t\t\t\t\t\t\t\t\t\t\t\t\t\t\t\t\t\tNoce\t\t\t\t\t\t\t\t<\/div>\n\t\t\t\t\t\t\t\t\t\t\t\t<\/div>\n\t\t\t\t\t\t\t\t\t<\/a>\n\t\t\t\t\t\t\t<a class=\"e-gallery-item elementor-gallery-item elementor-animated-content\" href=\"https:\/\/okna-ravnihar.com\/wp-content\/uploads\/2023\/12\/wenge.jpg\" data-elementor-open-lightbox=\"yes\" data-elementor-lightbox-slideshow=\"7d72926\" data-elementor-lightbox-title=\"wenge\" data-e-action-hash=\"#elementor-action%3Aaction%3Dlightbox%26settings%3DeyJpZCI6OTg3OTQyLCJ1cmwiOiJodHRwczpcL1wvb2tuYS1yYXZuaWhhci5jb21cL3dwLWNvbnRlbnRcL3VwbG9hZHNcLzIwMjNcLzEyXC93ZW5nZS5qcGciLCJzbGlkZXNob3ciOiI3ZDcyOTI2In0%3D\">\n\t\t\t\t\t<div class=\"e-gallery-image elementor-gallery-item__image\" data-thumbnail=\"https:\/\/okna-ravnihar.com\/wp-content\/uploads\/2023\/12\/wenge-300x169.jpg\" data-width=\"300\" data-height=\"169\" aria-label=\"\" role=\"img\" ><\/div>\n\t\t\t\t\t\t\t\t\t\t\t<div class=\"elementor-gallery-item__overlay\"><\/div>\n\t\t\t\t\t\t\t\t\t\t\t\t\t\t\t<div class=\"elementor-gallery-item__content\">\n\t\t\t\t\t\t\t\t\t\t\t\t\t\t<div class=\"elementor-gallery-item__title\">\n\t\t\t\t\t\t\t\t\t\t\t\t\t\t\t\t\t\tWenge\t\t\t\t\t\t\t\t<\/div>\n\t\t\t\t\t\t\t\t\t\t\t\t<\/div>\n\t\t\t\t\t\t\t\t\t<\/a>\n\t\t\t\t\t<\/div>\n\t\t\t\t\t<\/div>\n\t\t\t\t<\/div>\n\t\t\t\t<\/div>\n\t\t\t\t\t<\/div>\n\t\t\t\t<\/div>\n\t\t\t\t<\/div>","protected":false},"excerpt":{"rendered":"<p>Wooden-Alu Windows Wooden-aluminium windows offer the best of both worlds, combining the natural warmth and beauty of wood on the inside with the durability and weather resistance of aluminium on the outside. This innovative design ensures longevity and low maintenance, as the aluminium exterior shields against harsh weather conditions, while the wooden interior adds a&#8230;<\/p>","protected":false},"author":1,"featured_media":0,"parent":0,"menu_order":0,"comment_status":"closed","ping_status":"closed","template":"","meta":{"footnotes":""},"class_list":["post-987796","page","type-page","status-publish","hentry"],"yoast_head":"<!-- This site is optimized with the Yoast SEO plugin v21.7 - https:\/\/yoast.com\/wordpress\/plugins\/seo\/ -->\n<title>Wooden-Alu Windows - Okna Ravnihar<\/title>\n<meta name=\"description\" content=\"Wooden-aluminium windows offer the best of both worlds, combining the natural warmth and beauty of wood on the inside with the durability and weather resistance of aluminium on the outside.\" \/>\n<meta name=\"robots\" content=\"index, follow, max-snippet:-1, max-image-preview:large, max-video-preview:-1\" \/>\n<link rel=\"canonical\" href=\"https:\/\/okna-ravnihar.com\/it\/wooden-alu-windows\/\" \/>\n<meta property=\"og:locale\" content=\"it_IT\" \/>\n<meta property=\"og:type\" content=\"article\" \/>\n<meta property=\"og:title\" content=\"Wooden-Alu Windows - Okna Ravnihar\" \/>\n<meta property=\"og:description\" content=\"Wooden-aluminium windows offer the best of both worlds, combining the natural warmth and beauty of wood on the inside with the durability and weather resistance of aluminium on the outside.\" \/>\n<meta property=\"og:url\" content=\"https:\/\/okna-ravnihar.com\/it\/wooden-alu-windows\/\" \/>\n<meta property=\"og:site_name\" content=\"Okna Ravnihar\" \/>\n<meta property=\"article:modified_time\" content=\"2023-12-04T19:41:19+00:00\" \/>\n<meta property=\"og:image\" content=\"https:\/\/okna-ravnihar.com\/wp-content\/uploads\/2023\/12\/Naturo-75-ALU-768x576.png\" \/>\n<meta name=\"twitter:card\" content=\"summary_large_image\" \/>\n<meta name=\"twitter:label1\" content=\"Tempo di lettura stimato\" \/>\n\t<meta name=\"twitter:data1\" content=\"2 minuti\" \/>\n<script type=\"application\/ld+json\" class=\"yoast-schema-graph\">{\"@context\":\"https:\/\/schema.org\",\"@graph\":[{\"@type\":\"WebPage\",\"@id\":\"https:\/\/okna-ravnihar.com\/wooden-alu-windows\/\",\"url\":\"https:\/\/okna-ravnihar.com\/wooden-alu-windows\/\",\"name\":\"Wooden-Alu Windows - Okna Ravnihar\",\"isPartOf\":{\"@id\":\"https:\/\/okna-ravnihar.com\/#website\"},\"datePublished\":\"2023-12-03T10:40:45+00:00\",\"dateModified\":\"2023-12-04T19:41:19+00:00\",\"description\":\"Wooden-aluminium windows offer the best of both worlds, combining the natural warmth and beauty of wood on the inside with the durability and weather resistance of aluminium on the outside.\",\"breadcrumb\":{\"@id\":\"https:\/\/okna-ravnihar.com\/wooden-alu-windows\/#breadcrumb\"},\"inLanguage\":\"it-IT\",\"potentialAction\":[{\"@type\":\"ReadAction\",\"target\":[\"https:\/\/okna-ravnihar.com\/wooden-alu-windows\/\"]}]},{\"@type\":\"BreadcrumbList\",\"@id\":\"https:\/\/okna-ravnihar.com\/wooden-alu-windows\/#breadcrumb\",\"itemListElement\":[{\"@type\":\"ListItem\",\"position\":1,\"name\":\"Home\",\"item\":\"https:\/\/okna-ravnihar.com\/\"},{\"@type\":\"ListItem\",\"position\":2,\"name\":\"Wooden-Alu Windows\"}]},{\"@type\":\"WebSite\",\"@id\":\"https:\/\/okna-ravnihar.com\/#website\",\"url\":\"https:\/\/okna-ravnihar.com\/\",\"name\":\"Okna Ravnihar\",\"description\":\"\",\"publisher\":{\"@id\":\"https:\/\/okna-ravnihar.com\/#organization\"},\"potentialAction\":[{\"@type\":\"SearchAction\",\"target\":{\"@type\":\"EntryPoint\",\"urlTemplate\":\"https:\/\/okna-ravnihar.com\/?s={search_term_string}\"},\"query-input\":\"required name=search_term_string\"}],\"inLanguage\":\"it-IT\"},{\"@type\":\"Organization\",\"@id\":\"https:\/\/okna-ravnihar.com\/#organization\",\"name\":\"Okna Ravnihar\",\"url\":\"https:\/\/okna-ravnihar.com\/\",\"logo\":{\"@type\":\"ImageObject\",\"inLanguage\":\"it-IT\",\"@id\":\"https:\/\/okna-ravnihar.com\/#\/schema\/logo\/image\/\",\"url\":\"https:\/\/okna-ravnihar.com\/wp-content\/uploads\/2022\/09\/logo-1.svg\",\"contentUrl\":\"https:\/\/okna-ravnihar.com\/wp-content\/uploads\/2022\/09\/logo-1.svg\",\"width\":432,\"height\":110,\"caption\":\"Okna Ravnihar\"},\"image\":{\"@id\":\"https:\/\/okna-ravnihar.com\/#\/schema\/logo\/image\/\"}}]}<\/script>\n<!-- \/ Yoast SEO plugin. -->","yoast_head_json":{"title":"Wooden-Alu Windows - Okna Ravnihar","description":"Wooden-aluminium windows offer the best of both worlds, combining the natural warmth and beauty of wood on the inside with the durability and weather resistance of aluminium on the outside.","robots":{"index":"index","follow":"follow","max-snippet":"max-snippet:-1","max-image-preview":"max-image-preview:large","max-video-preview":"max-video-preview:-1"},"canonical":"https:\/\/okna-ravnihar.com\/it\/wooden-alu-windows\/","og_locale":"it_IT","og_type":"article","og_title":"Wooden-Alu Windows - Okna Ravnihar","og_description":"Wooden-aluminium windows offer the best of both worlds, combining the natural warmth and beauty of wood on the inside with the durability and weather resistance of aluminium on the outside.","og_url":"https:\/\/okna-ravnihar.com\/it\/wooden-alu-windows\/","og_site_name":"Okna Ravnihar","article_modified_time":"2023-12-04T19:41:19+00:00","og_image":[{"url":"https:\/\/okna-ravnihar.com\/wp-content\/uploads\/2023\/12\/Naturo-75-ALU-768x576.png"}],"twitter_card":"summary_large_image","twitter_misc":{"Tempo di lettura stimato":"2 minuti"},"schema":{"@context":"https:\/\/schema.org","@graph":[{"@type":"WebPage","@id":"https:\/\/okna-ravnihar.com\/wooden-alu-windows\/","url":"https:\/\/okna-ravnihar.com\/wooden-alu-windows\/","name":"Wooden-Alu Windows - Okna Ravnihar","isPartOf":{"@id":"https:\/\/okna-ravnihar.com\/#website"},"datePublished":"2023-12-03T10:40:45+00:00","dateModified":"2023-12-04T19:41:19+00:00","description":"Wooden-aluminium windows offer the best of both worlds, combining the natural warmth and beauty of wood on the inside with the durability and weather resistance of aluminium on the outside.","breadcrumb":{"@id":"https:\/\/okna-ravnihar.com\/wooden-alu-windows\/#breadcrumb"},"inLanguage":"it-IT","potentialAction":[{"@type":"ReadAction","target":["https:\/\/okna-ravnihar.com\/wooden-alu-windows\/"]}]},{"@type":"BreadcrumbList","@id":"https:\/\/okna-ravnihar.com\/wooden-alu-windows\/#breadcrumb","itemListElement":[{"@type":"ListItem","position":1,"name":"Home","item":"https:\/\/okna-ravnihar.com\/"},{"@type":"ListItem","position":2,"name":"Wooden-Alu Windows"}]},{"@type":"WebSite","@id":"https:\/\/okna-ravnihar.com\/#website","url":"https:\/\/okna-ravnihar.com\/","name":"Okna Ravnihar","description":"","publisher":{"@id":"https:\/\/okna-ravnihar.com\/#organization"},"potentialAction":[{"@type":"SearchAction","target":{"@type":"EntryPoint","urlTemplate":"https:\/\/okna-ravnihar.com\/?s={search_term_string}"},"query-input":"required name=search_term_string"}],"inLanguage":"it-IT"},{"@type":"Organization","@id":"https:\/\/okna-ravnihar.com\/#organization","name":"Okna Ravnihar","url":"https:\/\/okna-ravnihar.com\/","logo":{"@type":"ImageObject","inLanguage":"it-IT","@id":"https:\/\/okna-ravnihar.com\/#\/schema\/logo\/image\/","url":"https:\/\/okna-ravnihar.com\/wp-content\/uploads\/2022\/09\/logo-1.svg","contentUrl":"https:\/\/okna-ravnihar.com\/wp-content\/uploads\/2022\/09\/logo-1.svg","width":432,"height":110,"caption":"Okna Ravnihar"},"image":{"@id":"https:\/\/okna-ravnihar.com\/#\/schema\/logo\/image\/"}}]}},"_links":{"self":[{"href":"https:\/\/okna-ravnihar.com\/it\/wp-json\/wp\/v2\/pages\/987796","targetHints":{"allow":["GET"]}}],"collection":[{"href":"https:\/\/okna-ravnihar.com\/it\/wp-json\/wp\/v2\/pages"}],"about":[{"href":"https:\/\/okna-ravnihar.com\/it\/wp-json\/wp\/v2\/types\/page"}],"author":[{"embeddable":true,"href":"https:\/\/okna-ravnihar.com\/it\/wp-json\/wp\/v2\/users\/1"}],"replies":[{"embeddable":true,"href":"https:\/\/okna-ravnihar.com\/it\/wp-json\/wp\/v2\/comments?post=987796"}],"version-history":[{"count":8,"href":"https:\/\/okna-ravnihar.com\/it\/wp-json\/wp\/v2\/pages\/987796\/revisions"}],"predecessor-version":[{"id":987962,"href":"https:\/\/okna-ravnihar.com\/it\/wp-json\/wp\/v2\/pages\/987796\/revisions\/987962"}],"wp:attachment":[{"href":"https:\/\/okna-ravnihar.com\/it\/wp-json\/wp\/v2\/media?parent=987796"}],"curies":[{"name":"wp","href":"https:\/\/api.w.org\/{rel}","templated":true}]}}